{"id":22,"date":"2025-07-09T11:01:21","date_gmt":"2025-07-09T09:01:21","guid":{"rendered":"https:\/\/easyplast.com\/newsite\/?page_id=22"},"modified":"2025-11-21T09:00:59","modified_gmt":"2025-11-21T08:00:59","slug":"sostenibilita-e-certificazioni","status":"publish","type":"page","link":"https:\/\/easyplast.com\/it\/sostenibilita-e-certificazioni\/","title":{"rendered":"Sostenibilit\u00e0 e Certificazioni"},"content":{"rendered":"\t\t<div data-elementor-type=\"wp-page\" data-elementor-id=\"22\" class=\"elementor elementor-22\">\n\t\t\t\t<div class=\"elementor-element elementor-element-b7a9574 e-con-full e-flex e-con e-parent\" data-id=\"b7a9574\" data-element_type=\"container\" data-e-type=\"container\" id=\"hero\" data-settings=\"{&quot;background_background&quot;:&quot;classic&quot;}\">\n\t\t<div class=\"elementor-element elementor-element-ec2e508 e-flex e-con-boxed e-con e-child\" data-id=\"ec2e508\" data-element_type=\"container\" data-e-type=\"container\" data-settings=\"{&quot;background_background&quot;:&quot;classic&quot;}\">\n\t\t\t\t\t<div class=\"e-con-inner\">\n\t\t<div class=\"elementor-element elementor-element-c941dd2 e-con-full e-flex e-con e-child\" data-id=\"c941dd2\" data-element_type=\"container\" data-e-type=\"container\">\n\t\t\t\t<div class=\"elementor-element elementor-element-8025f54 elementor-invisible elementor-widget elementor-widget-heading\" data-id=\"8025f54\" data-element_type=\"widget\" data-e-type=\"widget\" data-settings=\"{&quot;_animation&quot;:&quot;fadeInUp&quot;}\" data-widget_type=\"heading.default\">\n\t\t\t\t\t<h1 class=\"elementor-heading-title elementor-size-default\">Sostenibilit\u00e0 e Certificazioni<\/h1>\t\t\t\t<\/div>\n\t\t\t\t<\/div>\n\t\t<div class=\"elementor-element elementor-element-7a41506 e-con-full e-flex e-con e-child\" data-id=\"7a41506\" data-element_type=\"container\" data-e-type=\"container\" data-settings=\"{&quot;background_background&quot;:&quot;classic&quot;}\">\n\t\t\t\t<div class=\"elementor-element elementor-element-87a244f e-transform elementor-invisible elementor-widget elementor-widget-image\" data-id=\"87a244f\" data-element_type=\"widget\" data-e-type=\"widget\" data-settings=\"{&quot;_animation&quot;:&quot;zoomIn&quot;,&quot;_transform_rotateZ_effect&quot;:{&quot;unit&quot;:&quot;px&quot;,&quot;size&quot;:180,&quot;sizes&quot;:[]},&quot;_transform_rotateZ_effect_tablet&quot;:{&quot;unit&quot;:&quot;deg&quot;,&quot;size&quot;:&quot;&quot;,&quot;sizes&quot;:[]},&quot;_transform_rotateZ_effect_mobile&quot;:{&quot;unit&quot;:&quot;deg&quot;,&quot;size&quot;:&quot;&quot;,&quot;sizes&quot;:[]}}\" data-widget_type=\"image.default\">\n\t\t\t\t\t\t\t\t\t\t\t\t\t\t\t\t<a href=\"#contenuto\">\n\t\t\t\t\t\t\t<img decoding=\"async\" width=\"150\" height=\"150\" src=\"https:\/\/easyplast.com\/wp-content\/uploads\/2025\/07\/footer2.webp\" class=\"elementor-animation-bounce-out attachment-large size-large wp-image-725\" alt=\"torna-su\" title=\"\">\t\t\t\t\t\t\t\t<\/a>\n\t\t\t\t\t\t\t\t\t\t\t\t\t\t\t<\/div>\n\t\t\t\t<\/div>\n\t\t\t\t\t<\/div>\n\t\t\t\t<\/div>\n\t\t\t\t<\/div>\n\t\t<div class=\"elementor-element elementor-element-cd51406 e-con-full e-flex e-con e-parent\" data-id=\"cd51406\" data-element_type=\"container\" data-e-type=\"container\" id=\"contenuto\" data-settings=\"{&quot;background_background&quot;:&quot;classic&quot;}\">\n\t\t<div class=\"elementor-element elementor-element-7ae5b40 e-con-full e-flex e-con e-child\" data-id=\"7ae5b40\" data-element_type=\"container\" data-e-type=\"container\">\n\t\t\t\t<div class=\"elementor-element elementor-element-5cefe43 elementor-widget elementor-widget-text-editor\" data-id=\"5cefe43\" data-element_type=\"widget\" data-e-type=\"widget\" data-widget_type=\"text-editor.default\">\n\t\t\t\t\t\t\t\t\t<p class=\"p2\">Per Easy Plast, sostenibilit\u00e0 significa costruire un futuro industriale in cui innovazione, sicurezza e rispetto ambientale procedono insieme.<\/p>\n<p class=\"p2\">Dalla progettazione alla produzione, sviluppiamo soluzioni orientate a <b>ridurre l\u2019impatto ambientale, migliorare la sicurezza alimentare e favorire una crescita condivisa<\/b>.<\/p>\n<p class=\"p2\">Tutte le attivit\u00e0 sono regolate da un <b>sistema di gestione certificato<\/b>, che garantisce qualit\u00e0, controllo e conformit\u00e0 ai pi\u00f9 elevati standard internazionali.<\/p>\n<p class=\"p2\">Applichiamo i principi dell\u2019economia circolare e investiamo in tecnologie efficienti per creare <b>prodotti performanti e riciclabili<\/b>, in linea con l\u2019Agenda 2030 delle Nazioni Unite.<\/p>\n<p class=\"p2\">Nel quadro della transizione energetica, Easy Plast ha gi\u00e0 dotato uno dei propri stabilimenti di un <b>impianto fotovoltaico <\/b>e sta portando avanti con determinazione lo stesso <b>investimento<\/b> anche nel secondo sito produttivo.<\/p>\t\t\t\t\t\t\t\t<\/div>\n\t\t\t\t<\/div>\n\t\t<div class=\"elementor-element elementor-element-5e59e82 e-con-full e-flex e-con e-child\" data-id=\"5e59e82\" data-element_type=\"container\" data-e-type=\"container\">\n\t\t<div class=\"elementor-element elementor-element-1bb5004 e-con-full e-flex e-con e-child\" data-id=\"1bb5004\" data-element_type=\"container\" data-e-type=\"container\">\n\t\t\t\t<div class=\"elementor-element elementor-element-4847fff elementor-widget elementor-widget-heading\" data-id=\"4847fff\" data-element_type=\"widget\" data-e-type=\"widget\" data-widget_type=\"heading.default\">\n\t\t\t\t\t<h2 class=\"elementor-heading-title elementor-size-default\">Innovazione responsabile.<\/br>\nImpegno quotidiano.<\/br>\nScelte concrete.<\/h2>\t\t\t\t<\/div>\n\t\t\t\t<\/div>\n\t\t<div class=\"elementor-element elementor-element-b83c1bf e-con-full e-flex e-con e-child\" data-id=\"b83c1bf\" data-element_type=\"container\" data-e-type=\"container\" data-settings=\"{&quot;background_background&quot;:&quot;classic&quot;}\">\n\t\t\t\t<\/div>\n\t\t\t\t<\/div>\n\t\t\t\t<\/div>\n\t\t<div class=\"elementor-element elementor-element-412154b e-flex e-con-boxed e-con e-parent\" data-id=\"412154b\" data-element_type=\"container\" data-e-type=\"container\" data-settings=\"{&quot;background_background&quot;:&quot;classic&quot;}\">\n\t\t\t\t\t<div class=\"e-con-inner\">\n\t\t<div class=\"elementor-element elementor-element-2b3025e e-con-full e-flex e-con e-child\" data-id=\"2b3025e\" data-element_type=\"container\" data-e-type=\"container\">\n\t\t\t\t<div class=\"elementor-element elementor-element-7051f97 elementor-position-inline-start elementor-view-default elementor-mobile-position-block-start elementor-widget elementor-widget-icon-box\" data-id=\"7051f97\" data-element_type=\"widget\" data-e-type=\"widget\" data-widget_type=\"icon-box.default\">\n\t\t\t\t\t\t\t<div class=\"elementor-icon-box-wrapper\">\n\n\t\t\t\t\t\t<div class=\"elementor-icon-box-icon\">\n\t\t\t\t<span  class=\"elementor-icon\">\n\t\t\t\t<svg xmlns=\"http:\/\/www.w3.org\/2000\/svg\" id=\"easyplast-ico-1\" viewBox=\"0 0 150 150\"><path d=\"M1,75c0-40.8,33.2-74,74-74,40.8,0,74,33.2,74,74,0,40.8-33.2,74-74,74S1,115.8,1,75ZM129.6,75c0-30.1-24.5-54.6-54.6-54.6-30.1,0-54.6,24.5-54.6,54.6s24.5,54.6,54.6,54.6c30.1,0,54.6-24.5,54.6-54.6Z\"><\/path><path d=\"M45.4,75c0-16.3,13.3-29.6,29.6-29.6,16.3,0,29.6,13.3,29.6,29.6,0,16.3-13.3,29.6-29.6,29.6-16.3,0-29.6-13.3-29.6-29.6ZM96.8,75c0-12-9.8-21.8-21.8-21.8-12,0-21.8,9.8-21.8,21.8,0,12,9.8,21.8,21.8,21.8,12,0,21.8-9.8,21.8-21.8Z\"><\/path><\/svg>\t\t\t\t<\/span>\n\t\t\t<\/div>\n\t\t\t\n\t\t\t\t\t\t<div class=\"elementor-icon-box-content\">\n\n\t\t\t\t\t\t\t\t\t<h6 class=\"elementor-icon-box-title\">\n\t\t\t\t\t\t<span  >\n\t\t\t\t\t\t\tRidurre, riciclare, ripensare:<\/br>il nostro modello di sviluppo.\t\t\t\t\t\t<\/span>\n\t\t\t\t\t<\/h6>\n\t\t\t\t\n\t\t\t\t\n\t\t\t<\/div>\n\t\t\t\n\t\t<\/div>\n\t\t\t\t\t\t<\/div>\n\t\t\t\t<div class=\"elementor-element elementor-element-54d910e elementor-widget elementor-widget-text-editor\" data-id=\"54d910e\" data-element_type=\"widget\" data-e-type=\"widget\" data-widget_type=\"text-editor.default\">\n\t\t\t\t\t\t\t\t\t<p class=\"p1\">Ci impegniamo ogni giorno per contenere l\u2019impatto ambientale e\u00a0promuovere un uso consapevole delle risorse, progettando\u00a0<strong>componenti sostenibili<\/strong>, puntando sull\u2019integrazione progressiva di\u00a0materiali riciclabili e facilmente separabili.\u00a0<\/p><p class=\"p1\">L\u2019impiego di polimeri certificati e l\u2019integrazione crescente di\u00a0materiali bio-based, rappresentano un percorso concreto e graduale.\u00a0<\/p><p class=\"p1\">Siamo convinti che la plastica, se impiegata in modo consapevole,\u00a0resti fondamentale per garantire igiene, sicurezza e durata nei suoi\u00a0principali ambiti di applicazione.<\/p>\t\t\t\t\t\t\t\t<\/div>\n\t\t\t\t<\/div>\n\t\t<div class=\"elementor-element elementor-element-3fef64a e-con-full e-flex e-con e-child\" data-id=\"3fef64a\" data-element_type=\"container\" data-e-type=\"container\">\n\t\t\t\t<div class=\"elementor-element elementor-element-02cbf6e elementor-widget elementor-widget-image\" data-id=\"02cbf6e\" data-element_type=\"widget\" data-e-type=\"widget\" data-widget_type=\"image.default\">\n\t\t\t\t\t\t\t\t\t\t\t\t\t\t\t<img fetchpriority=\"high\" decoding=\"async\" width=\"960\" height=\"329\" src=\"https:\/\/easyplast.com\/wp-content\/uploads\/2025\/07\/certificazione-3.webp\" class=\"attachment-full size-full wp-image-1691\" alt=\"\" srcset=\"https:\/\/easyplast.com\/wp-content\/uploads\/2025\/07\/certificazione-3.webp 960w, https:\/\/easyplast.com\/wp-content\/uploads\/2025\/07\/certificazione-3-600x206.webp 600w, https:\/\/easyplast.com\/wp-content\/uploads\/2025\/07\/certificazione-3-768x263.webp 768w\" sizes=\"(max-width: 960px) 100vw, 960px\" title=\"\">\t\t\t\t\t\t\t\t\t\t\t\t\t\t\t<\/div>\n\t\t\t\t<div class=\"elementor-element elementor-element-d377f8e elementor-widget elementor-widget-text-editor\" data-id=\"d377f8e\" data-element_type=\"widget\" data-e-type=\"widget\" data-widget_type=\"text-editor.default\">\n\t\t\t\t\t\t\t\t\t<p class=\"p1\">\u00c8 in quest\u2019ottica che nasce <strong>EasyCap<\/strong>, il nostro <strong>tappo tethered\u00a0brevettato<\/strong>, pensato per rimanere unito alla confezione anche dopo\u00a0l\u2019apertura e contribuire a prevenire la dispersione ambientale.\u00a0<\/p><p class=\"p1\">Parallelamente, stiamo accelerando la transizione verso <strong>fonti\u00a0rinnovabili<\/strong>: aumentiamo la produzione interna di energia verde e\u00a0puntiamo a ridurre la nostra impronta di carbonio, secondo un\u00a0approccio di gestione ambientale certificato ISO 14001.<\/p>\t\t\t\t\t\t\t\t<\/div>\n\t\t\t\t<\/div>\n\t\t\t\t\t<\/div>\n\t\t\t\t<\/div>\n\t\t<div class=\"elementor-element elementor-element-9b11410 e-flex e-con-boxed e-con e-parent\" data-id=\"9b11410\" data-element_type=\"container\" data-e-type=\"container\">\n\t\t\t\t\t<div class=\"e-con-inner\">\n\t\t<div class=\"elementor-element elementor-element-defadd5 e-con-full e-flex e-con e-child\" data-id=\"defadd5\" data-element_type=\"container\" data-e-type=\"container\">\n\t\t\t\t<div class=\"elementor-element elementor-element-31282fe elementor-widget elementor-widget-heading\" data-id=\"31282fe\" data-element_type=\"widget\" data-e-type=\"widget\" data-widget_type=\"heading.default\">\n\t\t\t\t\t<h6 class=\"elementor-heading-title elementor-size-default\">Un ambiente di lavoro sicuro, inclusivo,\nin continua evoluzione<\/h6>\t\t\t\t<\/div>\n\t\t\t\t<div class=\"elementor-element elementor-element-a607098 elementor-widget elementor-widget-text-editor\" data-id=\"a607098\" data-element_type=\"widget\" data-e-type=\"widget\" data-widget_type=\"text-editor.default\">\n\t\t\t\t\t\t\t\t\t<p class=\"p1\">Crediamo che la sostenibilit\u00e0 inizi dalle persone. Promuoviamo un <strong>ambiente di lavoro equo, sicuro e inclusivo<\/strong>, valorizzando le competenze attraverso percorsi formativi che combinano <strong>hard e soft skills<\/strong>, con focus su etica, parit\u00e0 di genere e trasparenza.\u00a0<\/p><p class=\"p1\">La sicurezza \u00e8 una priorit\u00e0: adottiamo un sistema strutturato di\u00a0prevenzione, con audit, monitoraggi e formazione continua, per\u00a0raggiungere l\u2019obiettivo \u201czero infortuni\u201d, in linea con i requisiti della\u00a0certificazione ISO 45001.<\/p>\t\t\t\t\t\t\t\t<\/div>\n\t\t\t\t<\/div>\n\t\t<div class=\"elementor-element elementor-element-014b99e e-con-full e-flex e-con e-child\" data-id=\"014b99e\" data-element_type=\"container\" data-e-type=\"container\">\n\t\t\t\t<div class=\"elementor-element elementor-element-d140fce elementor-widget elementor-widget-image\" data-id=\"d140fce\" data-element_type=\"widget\" data-e-type=\"widget\" data-widget_type=\"image.default\">\n\t\t\t\t\t\t\t\t\t\t\t\t\t\t\t<img decoding=\"async\" width=\"634\" height=\"834\" src=\"https:\/\/easyplast.com\/wp-content\/uploads\/2025\/07\/e0285-easyplast-sito-CERTIFICAZIONI-03.webp\" class=\"attachment-large size-large wp-image-1702\" alt=\"easyplast sito CERTIFICAZIONI-03\" srcset=\"https:\/\/easyplast.com\/wp-content\/uploads\/2025\/07\/e0285-easyplast-sito-CERTIFICAZIONI-03.webp 634w, https:\/\/easyplast.com\/wp-content\/uploads\/2025\/07\/e0285-easyplast-sito-CERTIFICAZIONI-03-456x600.webp 456w\" sizes=\"(max-width: 634px) 100vw, 634px\" title=\"\">\t\t\t\t\t\t\t\t\t\t\t\t\t\t\t<\/div>\n\t\t\t\t<\/div>\n\t\t\t\t\t<\/div>\n\t\t\t\t<\/div>\n\t\t<div class=\"elementor-element elementor-element-7442991 e-flex e-con-boxed e-con e-parent\" data-id=\"7442991\" data-element_type=\"container\" data-e-type=\"container\">\n\t\t\t\t\t<div class=\"e-con-inner\">\n\t\t<div class=\"elementor-element elementor-element-3232687 e-con-full e-flex e-con e-child\" data-id=\"3232687\" data-element_type=\"container\" data-e-type=\"container\">\n\t\t\t\t<div class=\"elementor-element elementor-element-1a5320b elementor-widget elementor-widget-heading\" data-id=\"1a5320b\" data-element_type=\"widget\" data-e-type=\"widget\" data-widget_type=\"heading.default\">\n\t\t\t\t\t<h6 class=\"elementor-heading-title elementor-size-default\">Qualit\u00e0 e responsabilit\u00e0:\nsenza compromessi.<\/h6>\t\t\t\t<\/div>\n\t\t\t\t<div class=\"elementor-element elementor-element-e19e639 elementor-widget elementor-widget-text-editor\" data-id=\"e19e639\" data-element_type=\"widget\" data-e-type=\"widget\" data-widget_type=\"text-editor.default\">\n\t\t\t\t\t\t\t\t\t<p class=\"p1\">Tutti i nostri prodotti sono conformi alle normative europee e\u00a0internazionali sui materiali a contatto con alimenti (MOCA).\u00a0<br \/>Grazie a un sistema di gestione certificato ISO 9001 e BRCGS,\u00a0garantiamo standard elevati in termini di sicurezza, tracciabilit\u00e0 e\u00a0qualit\u00e0.\u00a0<\/p><p class=\"p1\">Stiamo lavorando per estendere il sistema FSSC 22000 anche ai\u00a0reparti non MOCA, assicurando continuit\u00e0 operativa e massima\u00a0protezione alimentare.\u00a0<br \/>Dal 2026 pubblicheremo il nostro bilancio di sostenibilit\u00e0 annuale,\u00a0per condividere risultati, obiettivi raggiunti e nuove sfide.<\/p>\t\t\t\t\t\t\t\t<\/div>\n\t\t\t\t<\/div>\n\t\t<div class=\"elementor-element elementor-element-d7ee025 e-con-full e-flex e-con e-child\" data-id=\"d7ee025\" data-element_type=\"container\" data-e-type=\"container\">\n\t\t\t\t<div class=\"elementor-element elementor-element-59c148d elementor-widget elementor-widget-image\" data-id=\"59c148d\" data-element_type=\"widget\" data-e-type=\"widget\" data-widget_type=\"image.default\">\n\t\t\t\t\t\t\t\t\t\t\t\t\t\t\t<img loading=\"lazy\" decoding=\"async\" width=\"634\" height=\"834\" src=\"https:\/\/easyplast.com\/wp-content\/uploads\/2025\/07\/e0285-easyplast-sito-CERTIFICAZIONI-04.webp\" class=\"attachment-large size-large wp-image-1736\" alt=\"easyplast sito CERTIFICAZIONI-04\" srcset=\"https:\/\/easyplast.com\/wp-content\/uploads\/2025\/07\/e0285-easyplast-sito-CERTIFICAZIONI-04.webp 634w, https:\/\/easyplast.com\/wp-content\/uploads\/2025\/07\/e0285-easyplast-sito-CERTIFICAZIONI-04-456x600.webp 456w\" sizes=\"(max-width: 634px) 100vw, 634px\" title=\"\">\t\t\t\t\t\t\t\t\t\t\t\t\t\t\t<\/div>\n\t\t\t\t<\/div>\n\t\t\t\t\t<\/div>\n\t\t\t\t<\/div>\n\t\t<div class=\"elementor-element elementor-element-b80f2ef e-flex e-con-boxed e-con e-parent\" data-id=\"b80f2ef\" data-element_type=\"container\" data-e-type=\"container\" data-settings=\"{&quot;background_background&quot;:&quot;classic&quot;}\">\n\t\t\t\t\t<div class=\"e-con-inner\">\n\t\t\t\t<div class=\"elementor-element elementor-element-8e28d1a elementor-widget elementor-widget-text-editor\" data-id=\"8e28d1a\" data-element_type=\"widget\" data-e-type=\"widget\" data-widget_type=\"text-editor.default\">\n\t\t\t\t\t\t\t\t\t<h2>Le nostre <span style=\"color: #6b909d;\">Certificazioni<\/span><\/h2>\t\t\t\t\t\t\t\t<\/div>\n\t\t\t\t<div class=\"elementor-element elementor-element-1d0fb57 elementor-widget elementor-widget-text-editor\" data-id=\"1d0fb57\" data-element_type=\"widget\" data-e-type=\"widget\" data-widget_type=\"text-editor.default\">\n\t\t\t\t\t\t\t\t\t<p>Consulta i documenti ufficiali<\/p>\t\t\t\t\t\t\t\t<\/div>\n\t\t\t\t\t<\/div>\n\t\t\t\t<\/div>\n\t\t<div class=\"elementor-element elementor-element-0502952 e-flex e-con-boxed e-con e-parent\" data-id=\"0502952\" data-element_type=\"container\" data-e-type=\"container\" data-settings=\"{&quot;background_background&quot;:&quot;classic&quot;}\">\n\t\t\t\t\t<div class=\"e-con-inner\">\n\t\t<div class=\"elementor-element elementor-element-7398439 e-con-full e-flex e-con e-child\" data-id=\"7398439\" data-element_type=\"container\" data-e-type=\"container\">\n\t\t\t\t<div class=\"elementor-element elementor-element-1ef9dfd elementor-widget elementor-widget-image\" data-id=\"1ef9dfd\" data-element_type=\"widget\" data-e-type=\"widget\" data-widget_type=\"image.default\">\n\t\t\t\t\t\t\t\t\t\t\t\t\t\t\t\t<a href=\"https:\/\/easyplast.com\/wp-content\/uploads\/2025\/11\/ISO-9001-SCAD-2027.pdf\" target=\"_blank\" rel=\"nofollow\">\n\t\t\t\t\t\t\t<img loading=\"lazy\" decoding=\"async\" width=\"600\" height=\"400\" src=\"https:\/\/easyplast.com\/wp-content\/uploads\/2025\/07\/certificazione-documenti-05.webp\" class=\"elementor-animation-shrink attachment-large size-large wp-image-1706\" alt=\"ISO 9001\" title=\"\">\t\t\t\t\t\t\t\t<\/a>\n\t\t\t\t\t\t\t\t\t\t\t\t\t\t\t<\/div>\n\t\t\t\t<div class=\"elementor-element elementor-element-f2dc819 elementor-widget elementor-widget-text-editor\" data-id=\"f2dc819\" data-element_type=\"widget\" data-e-type=\"widget\" data-widget_type=\"text-editor.default\">\n\t\t\t\t\t\t\t\t\t<p>Certificazione ISO 9001<\/p>\t\t\t\t\t\t\t\t<\/div>\n\t\t\t\t<\/div>\n\t\t<div class=\"elementor-element elementor-element-2f2ba8b e-con-full e-flex e-con e-child\" data-id=\"2f2ba8b\" data-element_type=\"container\" data-e-type=\"container\">\n\t\t\t\t<div class=\"elementor-element elementor-element-894f77a elementor-widget elementor-widget-image\" data-id=\"894f77a\" data-element_type=\"widget\" data-e-type=\"widget\" data-widget_type=\"image.default\">\n\t\t\t\t\t\t\t\t\t\t\t\t\t\t\t\t<a href=\"https:\/\/easyplast.com\/wp-content\/uploads\/2025\/11\/ISO-45001-SCAD-2028.pdf\" target=\"_blank\" rel=\"nofollow\">\n\t\t\t\t\t\t\t<img loading=\"lazy\" decoding=\"async\" width=\"600\" height=\"400\" src=\"https:\/\/easyplast.com\/wp-content\/uploads\/2025\/07\/certificazione-documenti-06.webp\" class=\"elementor-animation-shrink attachment-large size-large wp-image-1705\" alt=\"ISO 45001\" title=\"\">\t\t\t\t\t\t\t\t<\/a>\n\t\t\t\t\t\t\t\t\t\t\t\t\t\t\t<\/div>\n\t\t\t\t<div class=\"elementor-element elementor-element-f8eccad elementor-widget elementor-widget-text-editor\" data-id=\"f8eccad\" data-element_type=\"widget\" data-e-type=\"widget\" data-widget_type=\"text-editor.default\">\n\t\t\t\t\t\t\t\t\t<p>Certificazione ISO 45001<\/p>\t\t\t\t\t\t\t\t<\/div>\n\t\t\t\t<\/div>\n\t\t<div class=\"elementor-element elementor-element-28d40ce e-con-full e-flex e-con e-child\" data-id=\"28d40ce\" data-element_type=\"container\" data-e-type=\"container\">\n\t\t\t\t<div class=\"elementor-element elementor-element-65c743a elementor-widget elementor-widget-image\" data-id=\"65c743a\" data-element_type=\"widget\" data-e-type=\"widget\" data-widget_type=\"image.default\">\n\t\t\t\t\t\t\t\t\t\t\t\t\t\t\t\t<a href=\"https:\/\/easyplast.com\/wp-content\/uploads\/2025\/11\/ISO-14001-SCAD-2028.pdf\" target=\"_blank\" rel=\"nofollow\">\n\t\t\t\t\t\t\t<img loading=\"lazy\" decoding=\"async\" width=\"600\" height=\"400\" src=\"https:\/\/easyplast.com\/wp-content\/uploads\/2025\/07\/certificazione-documenti-07.webp\" class=\"elementor-animation-shrink attachment-large size-large wp-image-1704\" alt=\"ISO 14001\" title=\"\">\t\t\t\t\t\t\t\t<\/a>\n\t\t\t\t\t\t\t\t\t\t\t\t\t\t\t<\/div>\n\t\t\t\t<div class=\"elementor-element elementor-element-3dfd91a elementor-widget elementor-widget-text-editor\" data-id=\"3dfd91a\" data-element_type=\"widget\" data-e-type=\"widget\" data-widget_type=\"text-editor.default\">\n\t\t\t\t\t\t\t\t\t<p>Certificazione ISO 14001<\/p>\t\t\t\t\t\t\t\t<\/div>\n\t\t\t\t<\/div>\n\t\t<div class=\"elementor-element elementor-element-b356416 e-con-full e-flex e-con e-child\" data-id=\"b356416\" data-element_type=\"container\" data-e-type=\"container\">\n\t\t\t\t<div class=\"elementor-element elementor-element-c609c8a elementor-widget elementor-widget-image\" data-id=\"c609c8a\" data-element_type=\"widget\" data-e-type=\"widget\" data-widget_type=\"image.default\">\n\t\t\t\t\t\t\t\t\t\t\t\t\t\t\t\t<a href=\"https:\/\/easyplast.com\/wp-content\/uploads\/2025\/10\/BRCGS-Packaging-Materials.pdf\" target=\"_blank\" rel=\"nofollow\">\n\t\t\t\t\t\t\t<img loading=\"lazy\" decoding=\"async\" width=\"600\" height=\"400\" src=\"https:\/\/easyplast.com\/wp-content\/uploads\/2025\/10\/Cover-certificazione-BRCGS.webp\" class=\"elementor-animation-shrink attachment-large size-large wp-image-3389\" alt=\"Cover certificazione BRCGS\" title=\"\">\t\t\t\t\t\t\t\t<\/a>\n\t\t\t\t\t\t\t\t\t\t\t\t\t\t\t<\/div>\n\t\t\t\t<div class=\"elementor-element elementor-element-f037dd7 elementor-widget elementor-widget-text-editor\" data-id=\"f037dd7\" data-element_type=\"widget\" data-e-type=\"widget\" data-widget_type=\"text-editor.default\">\n\t\t\t\t\t\t\t\t\t<p>BRCGS Packaging Materials<\/p>\t\t\t\t\t\t\t\t<\/div>\n\t\t\t\t<\/div>\n\t\t\t\t\t<\/div>\n\t\t\t\t<\/div>\n\t\t<div class=\"elementor-element elementor-element-c23738f e-flex e-con-boxed e-con e-parent\" data-id=\"c23738f\" data-element_type=\"container\" data-e-type=\"container\" data-settings=\"{&quot;background_background&quot;:&quot;classic&quot;}\">\n\t\t\t\t\t<div class=\"e-con-inner\">\n\t\t\t\t<div class=\"elementor-element elementor-element-38bab27 elementor-align-center elementor-widget elementor-widget-button\" data-id=\"38bab27\" data-element_type=\"widget\" data-e-type=\"widget\" data-widget_type=\"button.default\">\n\t\t\t\t\t\t\t\t\t\t<a class=\"elementor-button elementor-button-link elementor-size-sm elementor-animation-grow\" href=\"https:\/\/easyplast.com\/it\/contatti\/\">\n\t\t\t\t\t\t<span class=\"elementor-button-content-wrapper\">\n\t\t\t\t\t\t<span class=\"elementor-button-icon\">\n\t\t\t\t<svg xmlns=\"http:\/\/www.w3.org\/2000\/svg\" id=\"icona-bottone-easyplast\" data-name=\"icona-bottone-easyplast\" viewBox=\"0 0 150 150\"><circle cx=\"54.9\" cy=\"74.99\" r=\"13.03\"><\/circle><path d=\"M75.81,130.33c-30.51,0-55.33-24.82-55.33-55.33s24.82-55.33,55.33-55.33c25.12,0,46.36,16.83,53.09,39.8h20.28C142.01,25.54,111.84,0,75.81,0,34.46,0,.82,33.64.82,75s33.64,75,75,75c33.91,0,62.63-22.63,71.87-53.58h-20.85c-8.39,19.91-28.09,33.91-51.01,33.91Z\"><\/path><polygon points=\"79.13 113.34 67.82 102.04 94.36 75.5 67.55 48.52 78.9 37.25 111.32 69.88 111.3 81.17 79.13 113.34\"><\/polygon><\/svg>\t\t\t<\/span>\n\t\t\t\t\t\t\t\t\t<span class=\"elementor-button-text\">Contattaci<\/span>\n\t\t\t\t\t<\/span>\n\t\t\t\t\t<\/a>\n\t\t\t\t\t\t\t\t<\/div>\n\t\t\t\t\t<\/div>\n\t\t\t\t<\/div>\n\t\t\t\t<\/div>\n\t\t","protected":false},"excerpt":{"rendered":"<p>Sostenibilit\u00e0 e Certificazioni Per Easy Plast, sostenibilit\u00e0 significa costruire un futuro industriale in cui innovazione, sicurezza e rispetto ambientale procedono insieme. Dalla progettazione alla produzione, sviluppiamo soluzioni orientate a ridurre l\u2019impatto ambientale, migliorare la sicurezza alimentare e favorire una crescita condivisa. Tutte le attivit\u00e0 sono regolate da un sistema di gestione certificato, che garantisce qualit\u00e0, [&hellip;]<\/p>\n","protected":false},"author":2,"featured_media":0,"parent":0,"menu_order":0,"comment_status":"closed","ping_status":"closed","template":"","meta":{"footnotes":""},"class_list":["post-22","page","type-page","status-publish","hentry"],"blocksy_meta":[],"_links":{"self":[{"href":"https:\/\/easyplast.com\/it\/wp-json\/wp\/v2\/pages\/22","targetHints":{"allow":["GET"]}}],"collection":[{"href":"https:\/\/easyplast.com\/it\/wp-json\/wp\/v2\/pages"}],"about":[{"href":"https:\/\/easyplast.com\/it\/wp-json\/wp\/v2\/types\/page"}],"author":[{"embeddable":true,"href":"https:\/\/easyplast.com\/it\/wp-json\/wp\/v2\/users\/2"}],"replies":[{"embeddable":true,"href":"https:\/\/easyplast.com\/it\/wp-json\/wp\/v2\/comments?post=22"}],"version-history":[{"count":131,"href":"https:\/\/easyplast.com\/it\/wp-json\/wp\/v2\/pages\/22\/revisions"}],"predecessor-version":[{"id":3472,"href":"https:\/\/easyplast.com\/it\/wp-json\/wp\/v2\/pages\/22\/revisions\/3472"}],"wp:attachment":[{"href":"https:\/\/easyplast.com\/it\/wp-json\/wp\/v2\/media?parent=22"}],"curies":[{"name":"wp","href":"https:\/\/api.w.org\/{rel}","templated":true}]}}